{"id":20,"date":"2015-05-23T23:21:32","date_gmt":"2015-05-23T22:21:32","guid":{"rendered":"http:\/\/kahmen.info\/?page_id=20"},"modified":"2024-01-24T15:01:09","modified_gmt":"2024-01-24T14:01:09","slug":"start","status":"publish","type":"page","link":"https:\/\/kahmen.info\/","title":{"rendered":"Start"},"content":{"rendered":"<p>Sehr geehrte Damen und Herren,<br \/>\nals selbst\u00e4ndiger DEKRA zertifizierter Sachverst\u00e4ndiger f\u00fcr Bauschadenbewertung m\u00f6chte ich mich Ihnen gerne vorstellen.<\/p>\n<p>Meine St\u00e4rken beruhen auf einer 30j\u00e4hrigen praktischen Hochbauerfahrung (insbesondere Bau\u00fcberwachung und Organisation der Nachunternehmer). Zudem verf\u00fcge ich \u00fcber\u00a0 umfangreiche theoretische Kenntnisse in der Bauschadenbewertung sowie der Anwendung der VOB.<\/p>\n<p>Spezialisiert habe ich mich auf die hauptberufliche Beweissicherung von Geb\u00e4uden und Au\u00dfenanlagen vor Beginn von Tief-, Kanal- und Stra\u00dfenbauarbeiten.<\/p>\n<p>Diese Beweissicherung durch Gutachtenerstellung gewinnt zunehmend an Bedeutung, um im Interesse aller Parteien Auseinandersetzungen zu minimieren und somit Zeit und Kosten zu sparen.<\/p>\n<p>Gerne stehe ich Ihnen mit meinen umfangreichen Fachkenntnissen auch f\u00fcr Ihr Projekt zur Verf\u00fcgung und erstelle Ihnen zeitnah ein faires Angebot.<\/p>\n","protected":false},"excerpt":{"rendered":"<p>Sehr geehrte Damen und Herren, als selbst\u00e4ndiger DEKRA zertifizierter Sachverst\u00e4ndiger f\u00fcr Bauschadenbewertung m\u00f6chte ich mich Ihnen gerne vorstellen. Meine St\u00e4rken beruhen auf einer 30j\u00e4hrigen praktischen Hochbauerfahrung (insbesondere Bau\u00fcberwachung und Organisation der Nachunternehmer). Zudem verf\u00fcge ich \u00fcber\u00a0 umfangreiche theoretische Kenntnisse in der Bauschadenbewertung sowie der Anwendung der VOB. Spezialisiert habe ich mich auf die hauptberufliche Beweissicherung &hellip; <a href=\"https:\/\/kahmen.info\/\" class=\"more-link\"><span class=\"screen-reader-text\">Start<\/span> weiterlesen <span class=\"meta-nav\">&rarr;<\/span><\/a><\/p>\n","protected":false},"author":1,"featured_media":0,"parent":0,"menu_order":1,"comment_status":"closed","ping_status":"closed","template":"","meta":[],"_links":{"self":[{"href":"https:\/\/kahmen.info\/index.php?rest_route=\/wp\/v2\/pages\/20"}],"collection":[{"href":"https:\/\/kahmen.info\/index.php?rest_route=\/wp\/v2\/pages"}],"about":[{"href":"https:\/\/kahmen.info\/index.php?rest_route=\/wp\/v2\/types\/page"}],"author":[{"embeddable":true,"href":"https:\/\/kahmen.info\/index.php?rest_route=\/wp\/v2\/users\/1"}],"replies":[{"embeddable":true,"href":"https:\/\/kahmen.info\/index.php?rest_route=%2Fwp%2Fv2%2Fcomments&post=20"}],"version-history":[{"count":8,"href":"https:\/\/kahmen.info\/index.php?rest_route=\/wp\/v2\/pages\/20\/revisions"}],"predecessor-version":[{"id":81,"href":"https:\/\/kahmen.info\/index.php?rest_route=\/wp\/v2\/pages\/20\/revisions\/81"}],"wp:attachment":[{"href":"https:\/\/kahmen.info\/index.php?rest_route=%2Fwp%2Fv2%2Fmedia&parent=20"}],"curies":[{"name":"wp","href":"https:\/\/api.w.org\/{rel}","templated":true}]}}