{"id":40,"date":"2015-05-25T10:34:09","date_gmt":"2015-05-25T09:34:09","guid":{"rendered":"http:\/\/kahmen.info\/?page_id=40"},"modified":"2024-01-24T15:16:21","modified_gmt":"2024-01-24T14:16:21","slug":"zu-meiner-person","status":"publish","type":"page","link":"https:\/\/kahmen.info\/?page_id=40","title":{"rendered":"zu meiner Person"},"content":{"rendered":"\n<p>Mein Name ist Udo Kahmen,<\/p>\n\n\n\n<p>geboren 1973 im westlichen M\u00fcnsterland<\/p>\n\n\n\n<p>Meine umfangreichen Erfahrungen beruhen auf einer \u00fcber 30-j\u00e4hrigen praktischen und theoretischen T\u00e4tigkeiten im Bereich Hoch- und Tiefbau. Insbesondere in der Bau\u00fcberwachung und Organisation liegen meine St\u00e4rken. Zudem verf\u00fcge ich als Sachverst\u00e4ndiger \u00fcber umfangreiche Fachkenntnisse in der Bauschadensbewertung sowie der VOB.<\/p>\n\n\n\n<p>Werdegang:<\/p>\n\n\n\n<p>1990- Ausbildung zum Maurergeselle<\/p>\n\n\n\n<p>1999- Maurer- und Betonbauermeister<\/p>\n\n\n\n<p>2014- DEKRA zertifizierter Sachverst\u00e4ndiger f\u00fcr Bauschadenbewertung<\/p>\n\n\n\n<p>&nbsp;&nbsp;&nbsp;&nbsp;&nbsp;&nbsp;&nbsp;&nbsp;&nbsp; f\u00fcr das Maurer- und Betonbaugewerk<\/p>\n\n\n\n<p>2017- IQ-ZERT-zertifizierter Sachverst\u00e4ndiger f\u00fcr Versicherungssch\u00e4den<\/p>\n","protected":false},"excerpt":{"rendered":"<p>Mein Name ist Udo Kahmen, geboren 1973 im westlichen M\u00fcnsterland Meine umfangreichen Erfahrungen beruhen auf einer \u00fcber 30-j\u00e4hrigen praktischen und theoretischen T\u00e4tigkeiten im Bereich Hoch- und Tiefbau. Insbesondere in der Bau\u00fcberwachung und Organisation liegen meine St\u00e4rken. Zudem verf\u00fcge ich als Sachverst\u00e4ndiger \u00fcber umfangreiche Fachkenntnisse in der Bauschadensbewertung sowie der VOB. Werdegang: 1990- Ausbildung zum Maurergeselle &hellip; <a href=\"https:\/\/kahmen.info\/?page_id=40\" class=\"more-link\"><span class=\"screen-reader-text\">zu meiner Person<\/span> weiterlesen <span class=\"meta-nav\">&rarr;<\/span><\/a><\/p>\n","protected":false},"author":1,"featured_media":0,"parent":0,"menu_order":0,"comment_status":"closed","ping_status":"closed","template":"","meta":[],"_links":{"self":[{"href":"https:\/\/kahmen.info\/index.php?rest_route=\/wp\/v2\/pages\/40"}],"collection":[{"href":"https:\/\/kahmen.info\/index.php?rest_route=\/wp\/v2\/pages"}],"about":[{"href":"https:\/\/kahmen.info\/index.php?rest_route=\/wp\/v2\/types\/page"}],"author":[{"embeddable":true,"href":"https:\/\/kahmen.info\/index.php?rest_route=\/wp\/v2\/users\/1"}],"replies":[{"embeddable":true,"href":"https:\/\/kahmen.info\/index.php?rest_route=%2Fwp%2Fv2%2Fcomments&post=40"}],"version-history":[{"count":4,"href":"https:\/\/kahmen.info\/index.php?rest_route=\/wp\/v2\/pages\/40\/revisions"}],"predecessor-version":[{"id":82,"href":"https:\/\/kahmen.info\/index.php?rest_route=\/wp\/v2\/pages\/40\/revisions\/82"}],"wp:attachment":[{"href":"https:\/\/kahmen.info\/index.php?rest_route=%2Fwp%2Fv2%2Fmedia&parent=40"}],"curies":[{"name":"wp","href":"https:\/\/api.w.org\/{rel}","templated":true}]}}